{"id":1030,"date":"2020-06-15T12:10:04","date_gmt":"2020-06-15T10:10:04","guid":{"rendered":"http:\/\/blog.danielsinn.at\/?page_id=1030"},"modified":"2024-01-11T14:19:36","modified_gmt":"2024-01-11T13:19:36","slug":"flugzeuge-und-flugplatz","status":"publish","type":"page","link":"https:\/\/blog.danielsinn.at\/?page_id=1030","title":{"rendered":"Flugzeuge und Flugplatz"},"content":{"rendered":"\n<h3 class=\"wp-block-heading has-text-align-center\">Diamond Aircraft DA-20 &#8222;Katana&#8220;<\/h3>\n\n\n\nngg_shortcode_0_placeholder\n\n\n\n<p>Die DA-20 ist ein modernes, 2-sitziges Leichflugzeug, das \u00fcberwiegend aus faserverst\u00e4rktem Kunststoff hergestellt ist. Die Sicht ist aufgrund der durchgehenden Plexiglaskabinenhaube sehr gut, weiters ist ein kleines aufschiebbares Fotofenster eingelassen. Die Kabinenhaube kann zum Ein -und Aussteigen vollst\u00e4ndig nach oben\/hinten ge\u00f6ffnet werden. Der Einstieg erfolgt \u00fcber ein kleines Trittbrett vor der Tragfl\u00e4che.<br><\/p>\n\n\n\n<p>Die Wei\u00dfe M\u00f6we Wels besitzt insgesamt 5 Katanas, drei davon mit analogem Cockpit und Rotax 912 Vergasermotor (D-EHLM, OE-ANZ, OE-CSC). Zwei davon haben ein teil-digitales Cockpit und sind mit dem modernen Rotax 912iS Einspritzmotor ausgestattet (D-ERCM, OE-CSP). Alle F\u00fcnf sind mit 100PS motorisiert und mit hydraulischem Verstellpropeller ausger\u00fcstet.<br>Der Benzintank befindet sich hinter den Sitzen und besitzt einen ausfliegbaren Treibstoffvorrat von 74L.<br>Das maximal erlaubte Abfluggewicht liegt bei 750kg.<\/p>\n\n\n\n<hr class=\"wp-block-separator has-css-opacity\"\/>\n\n\n\n<h3 class=\"wp-block-heading has-text-align-center\">Tecnam P-2002 JF<\/h3>\n\n\n\nngg_shortcode_1_placeholder\n\n\n\n<p>Die P-2002 von Tecnam ist ein 2-sitziges Leichtflugzeug, dass zur G\u00e4nze aus Metall gebaut ist. Die Plexiglas-Kabinenhaube wird nach hinten aufgeschoben, die Frontschreibe ist starr angebracht. Der Einstieg erfolgt \u00fcber ein kleines Trittbrett vor der Tragfl\u00e4che und weiter direkt \u00fcber die Tragfl\u00e4che auf den bequemen und verschiebbaren Sitz.<br>Die Tecnam besitzt leider keine Fotofenster, die Sicht zum Fotografieren ist auch aufgrund der oberen Kabinenstrebe eingeschr\u00e4nkter als bei der Katana.<br><\/p>\n\n\n\n<p>Je ein Benzintank mit einem Inhalt von 50L befindet sich in jeder Tragfl\u00e4che, somit steht insgesamt ein Vorrat von 100L zur Verf\u00fcgung.<br>Die einzige Tecnam P-2002 JF der Wei\u00dfen M\u00f6we Wels mit dem Kennzeichen OE-ATA besitzt ein vollst\u00e4ndig analoges Cockpit und wird von einem Rotax 912 Vergasermotor mit 100PS und einem feststehendem Propeller angetrieben.<br>Das maximal erlaubte Abfluggewicht liegt bei 600kg.<\/p>\n\n\n\n<p><strong>Die DA-20 Katana als auch die Tecnam P-2002 JF haben mittlerweile bereits einen Stundensatz von 165\u20ac, folglich kostet eine Minute 2,75\u20ac.<\/strong><\/p>\n\n\n\n<hr class=\"wp-block-separator has-css-opacity\"\/>\n\n\n\n<h3 class=\"wp-block-heading has-text-align-center\">LOLW &#8211; Flugplatz Wels<\/h3>\n\n\n\n<p>Alle Fl\u00fcge starten vom Flugplatz Wels, welcher sehr sch\u00f6n und gut erreichbar im Norden der Stadt liegt. Es stehen genug Parkpl\u00e4tze, ein hervorragendes Flugplatzlokal und eine super Aussicht auf das Fluggeschehen zur Verf\u00fcgung.<\/p>\n\n\n\n<p>Der Flugplatz Wels besitzt eine Asphaltpiste mit 1390m L\u00e4nge und je eine Graspiste mit 930m und 900m L\u00e4nge und ist somit f\u00fcr eine Vielzahl an Flugzeugen geeignet.<\/p>\n\n\n\nngg_shortcode_2_placeholder\n\n\n\n<p><br><strong>Anschrift:<\/strong><br>Flugplatzstra\u00dfe 1<br>4600 Wels<br>\u00d6sterreich<\/p>\n","protected":false},"excerpt":{"rendered":"<p>Diamond Aircraft DA-20 &#8222;Katana&#8220; Die DA-20 ist ein modernes, 2-sitziges Leichflugzeug, das \u00fcberwiegend aus faserverst\u00e4rktem Kunststoff hergestellt ist. Die Sicht ist aufgrund der durchgehenden Plexiglaskabinenhaube sehr gut, weiters ist ein kleines aufschiebbares Fotofenster eingelassen. Die Kabinenhaube kann zum Ein -und Aussteigen vollst\u00e4ndig nach oben\/hinten ge\u00f6ffnet werden. Der Einstieg erfolgt \u00fcber ein kleines Trittbrett vor der Tragfl\u00e4che. Die Wei\u00dfe M\u00f6we Wels besitzt insgesamt 5 Katanas, drei&#8230; <\/p>\n<p class=\"more\"><a class=\"more-link\" href=\"https:\/\/blog.danielsinn.at\/?page_id=1030\">Read More<\/a><\/p>\n","protected":false},"author":1,"featured_media":3588,"parent":0,"menu_order":0,"comment_status":"closed","ping_status":"closed","template":"","meta":{"ngg_post_thumbnail":0,"footnotes":""},"class_list":["post-1030","page","type-page","status-publish","has-post-thumbnail","hentry","is-cat-link-border-bottom"],"_links":{"self":[{"href":"https:\/\/blog.danielsinn.at\/index.php?rest_route=\/wp\/v2\/pages\/1030","targetHints":{"allow":["GET"]}}],"collection":[{"href":"https:\/\/blog.danielsinn.at\/index.php?rest_route=\/wp\/v2\/pages"}],"about":[{"href":"https:\/\/blog.danielsinn.at\/index.php?rest_route=\/wp\/v2\/types\/page"}],"author":[{"embeddable":true,"href":"https:\/\/blog.danielsinn.at\/index.php?rest_route=\/wp\/v2\/users\/1"}],"replies":[{"embeddable":true,"href":"https:\/\/blog.danielsinn.at\/index.php?rest_route=%2Fwp%2Fv2%2Fcomments&post=1030"}],"version-history":[{"count":23,"href":"https:\/\/blog.danielsinn.at\/index.php?rest_route=\/wp\/v2\/pages\/1030\/revisions"}],"predecessor-version":[{"id":9272,"href":"https:\/\/blog.danielsinn.at\/index.php?rest_route=\/wp\/v2\/pages\/1030\/revisions\/9272"}],"wp:featuredmedia":[{"embeddable":true,"href":"https:\/\/blog.danielsinn.at\/index.php?rest_route=\/wp\/v2\/media\/3588"}],"wp:attachment":[{"href":"https:\/\/blog.danielsinn.at\/index.php?rest_route=%2Fwp%2Fv2%2Fmedia&parent=1030"}],"curies":[{"name":"wp","href":"https:\/\/api.w.org\/{rel}","templated":true}]}}